{"id":31,"date":"2018-10-23T08:04:01","date_gmt":"2018-10-23T08:04:01","guid":{"rendered":"https:\/\/futuriodemos.com\/default-demo\/?page_id=31"},"modified":"2022-11-30T13:25:22","modified_gmt":"2022-11-30T13:25:22","slug":"home","status":"publish","type":"page","link":"https:\/\/camara-caczf.com\/","title":{"rendered":"C\u00c1MARA ARGENTINA DE CONCESIONARIOS DE ZONAS FRANCAS"},"content":{"rendered":"<p style=\"text-align: center;\"><strong>Somos una instituci\u00f3n que agrupa concesionarios de las Zonas Francas y cuya actividad institucional comprende&nbsp; cuestiones operativas asociadas a las actividades en las zonas francas de la REP\u00daBLICA ARGENTINA<\/strong><\/p>\n<p>Beneficios de la Membres\u00eda<\/p>\n<p><a role=\"button\" href=\"https:\/\/camara-caczf.com\/index.php\/convenio-con-wfzo\/\"><br \/>\nCOnvenio con WFZO<br \/>\n<\/a><br \/>\n<a role=\"button\" href=\"https:\/\/camara-caczf.com\/index.php\/autoridades\/\"><br \/>\nautoridades<br \/>\n<\/a><\/p>\n<h3>Beneficios<\/h3>\n<p>Nuevos Est\u00e1ndares Globales<\/p>\n<h3>Colaboraci\u00f3n y Desarrollo<\/h3>\n<p>Trabajamos en conjunto para mejorar la visibilidad de las zonas francas.<\/p>\n<h3>Convenio ALL IN ONE<\/h3>\n<p>WORLD FREE ZONES ORGANIZATION<\/p>\n<p><img decoding=\"async\" src=\"http:\/\/camara-caczf.com\/wp-content\/uploads\/2021\/07\/dos.jpg\" alt=\"\" width=\"225\" height=\"104\"><\/p>\n<h3 data-speed=\"50\" data-delay=\"1000\" data-loop=\"0\">World Free Zones Organization<\/h3>\n<p>(Emiratos \u00c1rabes)<\/p>\n<p>La organizaci\u00f3n mundial de zonas francas es sin fines de lucro, re\u00fane las zonas econ\u00f3micas especiales y cuanta con m\u00e1s de 750 miembros de 139 pa\u00edses.<\/p>\n<p>Provee una voz colectiva representando los intereses de todas las zonas francas del mundo.<\/p>\n<p>Promueve una plataforma para aprender, crecer y prosperar intercambiando experiencias mediante buenas pr\u00e1cticas, conocimientos a trav\u00e9s de servicios, eventos, programas, consejos, certificaciones, publicaciones y plataforma B2B.<\/p>\n<p>Las WFZO crea mejores est\u00e1ndares, mejores negocios, ecosistemas globales y negocios locales. Tambi\u00e9n lineamientos para establecimientos y manejo de zonas francas especiales y ayuda a las partes interesadas que trabajan en el entorno del comercio exterior, apoya a las organizaciones internacionales de zonas francas.<\/p>\n<p><img fetchpriority=\"high\" decoding=\"async\" src=\"http:\/\/camara-caczf.com\/wp-content\/uploads\/2021\/07\/portada.png\" sizes=\"(max-width: 1240px) 100vw, 1240px\" srcset=\"https:\/\/camara-caczf.com\/wp-content\/uploads\/2021\/07\/portada.png 1703w, https:\/\/camara-caczf.com\/wp-content\/uploads\/2021\/07\/portada-300x110.png 300w, https:\/\/camara-caczf.com\/wp-content\/uploads\/2021\/07\/portada-1024x375.png 1024w, https:\/\/camara-caczf.com\/wp-content\/uploads\/2021\/07\/portada-768x281.png 768w, https:\/\/camara-caczf.com\/wp-content\/uploads\/2021\/07\/portada-1536x563.png 1536w\" alt=\"\" width=\"1240\" height=\"454\"><\/p>\n<p><a role=\"button\" href=\"https:\/\/camara-caczf.com\/index.php\/contact\/\"><br \/>\nAdherite<br \/>\n<\/a><\/p>\n","protected":false},"excerpt":{"rendered":"<p>Somos una instituci\u00f3n que agrupa concesionarios de las Zonas Francas y cuya actividad institucional comprende&nbsp; cuestiones operativas asociadas a las actividades en las zonas francas de la REP\u00daBLICA ARGENTINA Beneficios de la Membres\u00eda COnvenio con WFZO autoridades Beneficios Nuevos Est\u00e1ndares Globales Colaboraci\u00f3n y Desarrollo Trabajamos en conjunto para mejorar la visibilidad de las zonas francas. &hellip; <\/p>\n<p class=\"link-more\"><a href=\"https:\/\/camara-caczf.com\/\" class=\"more-link\">Leer m\u00e1s<span class=\"screen-reader-text\"> \u00abC\u00c1MARA ARGENTINA DE CONCESIONARIOS DE ZONAS FRANCAS\u00bb<\/span><\/a><\/p>\n","protected":false},"author":1,"featured_media":0,"parent":0,"menu_order":0,"comment_status":"closed","ping_status":"closed","template":"","meta":{"om_disable_all_campaigns":false,"_monsterinsights_skip_tracking":false,"_monsterinsights_sitenote_active":false,"_monsterinsights_sitenote_note":"","_monsterinsights_sitenote_category":0,"footnotes":""},"class_list":["post-31","page","type-page","status-publish","hentry"],"_links":{"self":[{"href":"https:\/\/camara-caczf.com\/index.php\/wp-json\/wp\/v2\/pages\/31","targetHints":{"allow":["GET"]}}],"collection":[{"href":"https:\/\/camara-caczf.com\/index.php\/wp-json\/wp\/v2\/pages"}],"about":[{"href":"https:\/\/camara-caczf.com\/index.php\/wp-json\/wp\/v2\/types\/page"}],"author":[{"embeddable":true,"href":"https:\/\/camara-caczf.com\/index.php\/wp-json\/wp\/v2\/users\/1"}],"replies":[{"embeddable":true,"href":"https:\/\/camara-caczf.com\/index.php\/wp-json\/wp\/v2\/comments?post=31"}],"version-history":[{"count":101,"href":"https:\/\/camara-caczf.com\/index.php\/wp-json\/wp\/v2\/pages\/31\/revisions"}],"predecessor-version":[{"id":631,"href":"https:\/\/camara-caczf.com\/index.php\/wp-json\/wp\/v2\/pages\/31\/revisions\/631"}],"wp:attachment":[{"href":"https:\/\/camara-caczf.com\/index.php\/wp-json\/wp\/v2\/media?parent=31"}],"curies":[{"name":"wp","href":"https:\/\/api.w.org\/{rel}","templated":true}]}}